{"id":1273,"date":"2025-06-03T14:39:13","date_gmt":"2025-06-03T14:39:13","guid":{"rendered":"https:\/\/royal-chicken.com\/allgemeine-bedingungen-und-konditionen\/"},"modified":"2025-07-22T15:54:24","modified_gmt":"2025-07-22T15:54:24","slug":"allgemeine-bedingungen-und-konditionen","status":"publish","type":"page","link":"https:\/\/royal-chicken.com\/de\/allgemeine-bedingungen-und-konditionen\/","title":{"rendered":"Allgemeine Bedingungen und Konditionen"},"content":{"rendered":"\t\t<div data-elementor-type=\"wp-page\" data-elementor-id=\"1273\" class=\"elementor elementor-1273 elementor-123\" data-elementor-post-type=\"page\">\n\t\t\t\t<div class=\"elementor-element elementor-element-4158894 e-flex e-con-boxed e-con e-parent\" data-id=\"4158894\" data-element_type=\"container\" data-e-type=\"container\">\n\t\t\t\t\t<div class=\"e-con-inner\">\n\t\t\t\t<div class=\"elementor-element elementor-element-f726878 elementor-widget elementor-widget-heading\" data-id=\"f726878\" data-element_type=\"widget\" data-e-type=\"widget\" data-widget_type=\"heading.default\">\n\t\t\t\t<div class=\"elementor-widget-container\">\n\t\t\t\t\t<h1 class=\"elementor-heading-title elementor-size-default\">Allgemeine Bedingungen und Konditionen<\/h1>\t\t\t\t<\/div>\n\t\t\t\t<\/div>\n\t\t\t\t<div class=\"elementor-element elementor-element-bb0c041 elementor-widget elementor-widget-text-editor\" data-id=\"bb0c041\" data-element_type=\"widget\" data-e-type=\"widget\" data-widget_type=\"text-editor.default\">\n\t\t\t\t<div class=\"elementor-widget-container\">\n\t\t\t\t\t\t\t\t\t<p>Die auf dieser Website dargestellten Informationen werden von Ferdinand Zandbergen B.V. mit st\u00e4ndiger Sorgfalt und Aufmerksamkeit zusammengestellt. Die von Ferdinand Zandbergen B.V. zur Verf\u00fcgung gestellten Informationen stammen teilweise aus Quellen, die als zuverl\u00e4ssig angesehen werden k\u00f6nnen, deren Richtigkeit und Vollst\u00e4ndigkeit jedoch nicht garantiert werden kann. <\/p><p>Die zur Verf\u00fcgung gestellten Informationen sind nur indikativ und k\u00f6nnen jederzeit ohne weitere Ank\u00fcndigung ge\u00e4ndert werden. Ferdinand Zandbergen B.V. kann nicht garantieren, dass die Informationen vollst\u00e4ndig, aktuell und\/oder korrekt sind. Ferdinand Zandbergen B.V. \u00fcbernimmt daher keinerlei Haftung f\u00fcr Sch\u00e4den, die sich aus der Nutzung der auf dieser Website bereitgestellten Informationen ergeben.  <\/p><p>Die Website und alle Teile davon sind Eigentum von Ferdinand Zandbergen B.V.. Die auf dieser Website bereitgestellten Informationen d\u00fcrfen nur mit vorheriger schriftlicher Zustimmung von Ferdinand Zandbergen B.V. verwendet werden. <\/p><p>Ferdinand Zandbergen B.V. \u00fcbernimmt keine Haftung f\u00fcr den Inhalt von Websites, die nicht von Ferdinand Zandbergen unterhalten werden und auf die verwiesen wird.<\/p>\t\t\t\t\t\t\t\t<\/div>\n\t\t\t\t<\/div>\n\t\t\t\t\t<\/div>\n\t\t\t\t<\/div>\n\t\t\t\t<\/div>\n\t\t","protected":false},"excerpt":{"rendered":"<p>Allgemeine Bedingungen und Konditionen Die auf dieser Website dargestellten Informationen werden von Ferdinand Zandbergen B.V. mit st\u00e4ndiger Sorgfalt und Aufmerksamkeit zusammengestellt. Die von Ferdinand Zandbergen B.V. zur Verf\u00fcgung gestellten Informationen stammen teilweise aus Quellen, die als zuverl\u00e4ssig angesehen werden k\u00f6nnen, deren Richtigkeit und Vollst\u00e4ndigkeit jedoch nicht garantiert werden kann. Die zur Verf\u00fcgung gestellten Informationen sind [&hellip;]<\/p>\n","protected":false},"author":2,"featured_media":0,"parent":0,"menu_order":0,"comment_status":"closed","ping_status":"closed","template":"","meta":{"_acf_changed":false,"footnotes":""},"class_list":["post-1273","page","type-page","status-publish","hentry"],"acf":[],"yoast_head":"<!-- This site is optimized with the Yoast SEO plugin v27.3 - https:\/\/yoast.com\/product\/yoast-seo-wordpress\/ -->\n<title>Allgemeine Bedingungen und Konditionen - Royal Chicken<\/title>\n<meta name=\"robots\" content=\"index, follow, max-snippet:-1, max-image-preview:large, max-video-preview:-1\" \/>\n<link rel=\"canonical\" href=\"https:\/\/royal-chicken.com\/de\/?page_id=1273\" \/>\n<meta property=\"og:locale\" content=\"de_DE\" \/>\n<meta property=\"og:type\" content=\"article\" \/>\n<meta property=\"og:title\" content=\"Allgemeine Bedingungen und Konditionen - Royal Chicken\" \/>\n<meta property=\"og:description\" content=\"Allgemeine Bedingungen und Konditionen Die auf dieser Website dargestellten Informationen werden von Ferdinand Zandbergen B.V. mit st\u00e4ndiger Sorgfalt und Aufmerksamkeit zusammengestellt. Die von Ferdinand Zandbergen B.V. zur Verf\u00fcgung gestellten Informationen stammen teilweise aus Quellen, die als zuverl\u00e4ssig angesehen werden k\u00f6nnen, deren Richtigkeit und Vollst\u00e4ndigkeit jedoch nicht garantiert werden kann. Die zur Verf\u00fcgung gestellten Informationen sind [&hellip;]\" \/>\n<meta property=\"og:url\" content=\"https:\/\/royal-chicken.com\/de\/?page_id=1273\" \/>\n<meta property=\"og:site_name\" content=\"Royal Chicken\" \/>\n<meta property=\"article:modified_time\" content=\"2025-07-22T15:54:24+00:00\" \/>\n<meta name=\"twitter:card\" content=\"summary_large_image\" \/>\n<meta name=\"twitter:label1\" content=\"Est. reading time\" \/>\n\t<meta name=\"twitter:data1\" content=\"1\u00a0Minute\" \/>\n<script type=\"application\/ld+json\" class=\"yoast-schema-graph\">{\"@context\":\"https:\\\/\\\/schema.org\",\"@graph\":[{\"@type\":\"WebPage\",\"@id\":\"https:\\\/\\\/royal-chicken.com\\\/de\\\/?page_id=1273\",\"url\":\"https:\\\/\\\/royal-chicken.com\\\/de\\\/?page_id=1273\",\"name\":\"Allgemeine Bedingungen und Konditionen - Royal Chicken\",\"isPartOf\":{\"@id\":\"https:\\\/\\\/royal-chicken.com\\\/#website\"},\"datePublished\":\"2025-06-03T14:39:13+00:00\",\"dateModified\":\"2025-07-22T15:54:24+00:00\",\"breadcrumb\":{\"@id\":\"https:\\\/\\\/royal-chicken.com\\\/de\\\/?page_id=1273#breadcrumb\"},\"inLanguage\":\"de\",\"potentialAction\":[{\"@type\":\"ReadAction\",\"target\":[\"https:\\\/\\\/royal-chicken.com\\\/de\\\/?page_id=1273\"]}]},{\"@type\":\"BreadcrumbList\",\"@id\":\"https:\\\/\\\/royal-chicken.com\\\/de\\\/?page_id=1273#breadcrumb\",\"itemListElement\":[{\"@type\":\"ListItem\",\"position\":1,\"name\":\"Royal Chicken\",\"item\":\"https:\\\/\\\/royal-chicken.com\\\/de\\\/homepage\\\/\"},{\"@type\":\"ListItem\",\"position\":2,\"name\":\"Allgemeine Bedingungen und Konditionen\"}]},{\"@type\":\"WebSite\",\"@id\":\"https:\\\/\\\/royal-chicken.com\\\/#website\",\"url\":\"https:\\\/\\\/royal-chicken.com\\\/\",\"name\":\"Royal Chicken\",\"description\":\"Uw partner in premium kipproducten\",\"publisher\":{\"@id\":\"https:\\\/\\\/royal-chicken.com\\\/#organization\"},\"potentialAction\":[{\"@type\":\"SearchAction\",\"target\":{\"@type\":\"EntryPoint\",\"urlTemplate\":\"https:\\\/\\\/royal-chicken.com\\\/?s={search_term_string}\"},\"query-input\":{\"@type\":\"PropertyValueSpecification\",\"valueRequired\":true,\"valueName\":\"search_term_string\"}}],\"inLanguage\":\"de\"},{\"@type\":\"Organization\",\"@id\":\"https:\\\/\\\/royal-chicken.com\\\/#organization\",\"name\":\"Royal Chicken\",\"url\":\"https:\\\/\\\/royal-chicken.com\\\/\",\"logo\":{\"@type\":\"ImageObject\",\"inLanguage\":\"de\",\"@id\":\"https:\\\/\\\/royal-chicken.com\\\/#\\\/schema\\\/logo\\\/image\\\/\",\"url\":\"https:\\\/\\\/royal-chicken.com\\\/wp-content\\\/uploads\\\/2025\\\/06\\\/Royal-Chicken-logo-padding-scaled.png\",\"contentUrl\":\"https:\\\/\\\/royal-chicken.com\\\/wp-content\\\/uploads\\\/2025\\\/06\\\/Royal-Chicken-logo-padding-scaled.png\",\"width\":2560,\"height\":1446,\"caption\":\"Royal Chicken\"},\"image\":{\"@id\":\"https:\\\/\\\/royal-chicken.com\\\/#\\\/schema\\\/logo\\\/image\\\/\"}}]}<\/script>\n<!-- \/ Yoast SEO plugin. -->","yoast_head_json":{"title":"Allgemeine Bedingungen und Konditionen - Royal Chicken","robots":{"index":"index","follow":"follow","max-snippet":"max-snippet:-1","max-image-preview":"max-image-preview:large","max-video-preview":"max-video-preview:-1"},"canonical":"https:\/\/royal-chicken.com\/de\/?page_id=1273","og_locale":"de_DE","og_type":"article","og_title":"Allgemeine Bedingungen und Konditionen - Royal Chicken","og_description":"Allgemeine Bedingungen und Konditionen Die auf dieser Website dargestellten Informationen werden von Ferdinand Zandbergen B.V. mit st\u00e4ndiger Sorgfalt und Aufmerksamkeit zusammengestellt. Die von Ferdinand Zandbergen B.V. zur Verf\u00fcgung gestellten Informationen stammen teilweise aus Quellen, die als zuverl\u00e4ssig angesehen werden k\u00f6nnen, deren Richtigkeit und Vollst\u00e4ndigkeit jedoch nicht garantiert werden kann. Die zur Verf\u00fcgung gestellten Informationen sind [&hellip;]","og_url":"https:\/\/royal-chicken.com\/de\/?page_id=1273","og_site_name":"Royal Chicken","article_modified_time":"2025-07-22T15:54:24+00:00","twitter_card":"summary_large_image","twitter_misc":{"Est. reading time":"1\u00a0Minute"},"schema":{"@context":"https:\/\/schema.org","@graph":[{"@type":"WebPage","@id":"https:\/\/royal-chicken.com\/de\/?page_id=1273","url":"https:\/\/royal-chicken.com\/de\/?page_id=1273","name":"Allgemeine Bedingungen und Konditionen - Royal Chicken","isPartOf":{"@id":"https:\/\/royal-chicken.com\/#website"},"datePublished":"2025-06-03T14:39:13+00:00","dateModified":"2025-07-22T15:54:24+00:00","breadcrumb":{"@id":"https:\/\/royal-chicken.com\/de\/?page_id=1273#breadcrumb"},"inLanguage":"de","potentialAction":[{"@type":"ReadAction","target":["https:\/\/royal-chicken.com\/de\/?page_id=1273"]}]},{"@type":"BreadcrumbList","@id":"https:\/\/royal-chicken.com\/de\/?page_id=1273#breadcrumb","itemListElement":[{"@type":"ListItem","position":1,"name":"Royal Chicken","item":"https:\/\/royal-chicken.com\/de\/homepage\/"},{"@type":"ListItem","position":2,"name":"Allgemeine Bedingungen und Konditionen"}]},{"@type":"WebSite","@id":"https:\/\/royal-chicken.com\/#website","url":"https:\/\/royal-chicken.com\/","name":"Royal Chicken","description":"Uw partner in premium kipproducten","publisher":{"@id":"https:\/\/royal-chicken.com\/#organization"},"potentialAction":[{"@type":"SearchAction","target":{"@type":"EntryPoint","urlTemplate":"https:\/\/royal-chicken.com\/?s={search_term_string}"},"query-input":{"@type":"PropertyValueSpecification","valueRequired":true,"valueName":"search_term_string"}}],"inLanguage":"de"},{"@type":"Organization","@id":"https:\/\/royal-chicken.com\/#organization","name":"Royal Chicken","url":"https:\/\/royal-chicken.com\/","logo":{"@type":"ImageObject","inLanguage":"de","@id":"https:\/\/royal-chicken.com\/#\/schema\/logo\/image\/","url":"https:\/\/royal-chicken.com\/wp-content\/uploads\/2025\/06\/Royal-Chicken-logo-padding-scaled.png","contentUrl":"https:\/\/royal-chicken.com\/wp-content\/uploads\/2025\/06\/Royal-Chicken-logo-padding-scaled.png","width":2560,"height":1446,"caption":"Royal Chicken"},"image":{"@id":"https:\/\/royal-chicken.com\/#\/schema\/logo\/image\/"}}]}},"_links":{"self":[{"href":"https:\/\/royal-chicken.com\/de\/wp-json\/wp\/v2\/pages\/1273","targetHints":{"allow":["GET"]}}],"collection":[{"href":"https:\/\/royal-chicken.com\/de\/wp-json\/wp\/v2\/pages"}],"about":[{"href":"https:\/\/royal-chicken.com\/de\/wp-json\/wp\/v2\/types\/page"}],"author":[{"embeddable":true,"href":"https:\/\/royal-chicken.com\/de\/wp-json\/wp\/v2\/users\/2"}],"replies":[{"embeddable":true,"href":"https:\/\/royal-chicken.com\/de\/wp-json\/wp\/v2\/comments?post=1273"}],"version-history":[{"count":0,"href":"https:\/\/royal-chicken.com\/de\/wp-json\/wp\/v2\/pages\/1273\/revisions"}],"wp:attachment":[{"href":"https:\/\/royal-chicken.com\/de\/wp-json\/wp\/v2\/media?parent=1273"}],"curies":[{"name":"wp","href":"https:\/\/api.w.org\/{rel}","templated":true}]}}