{"id":1267,"date":"2025-06-02T08:21:02","date_gmt":"2025-06-02T08:21:02","guid":{"rendered":"https:\/\/royal-chicken.com\/erklaerung-zum-datenschutz\/"},"modified":"2025-07-22T15:54:08","modified_gmt":"2025-07-22T15:54:08","slug":"erklaerung-zum-datenschutz","status":"publish","type":"page","link":"https:\/\/royal-chicken.com\/de\/erklaerung-zum-datenschutz\/","title":{"rendered":"Erkl\u00e4rung zum Datenschutz"},"content":{"rendered":"\t\t<div data-elementor-type=\"wp-page\" data-elementor-id=\"1267\" class=\"elementor elementor-1267 elementor-3\" data-elementor-post-type=\"page\">\n\t\t\t\t<div class=\"elementor-element elementor-element-c821d68 e-flex e-con-boxed e-con e-parent\" data-id=\"c821d68\" data-element_type=\"container\" data-e-type=\"container\">\n\t\t\t\t\t<div class=\"e-con-inner\">\n\t\t\t\t<div class=\"elementor-element elementor-element-a6803f5 elementor-widget elementor-widget-heading\" data-id=\"a6803f5\" data-element_type=\"widget\" data-e-type=\"widget\" data-widget_type=\"heading.default\">\n\t\t\t\t<div class=\"elementor-widget-container\">\n\t\t\t\t\t<h1 class=\"elementor-heading-title elementor-size-default\">Erkl\u00e4rung zum Datenschutz<\/h1>\t\t\t\t<\/div>\n\t\t\t\t<\/div>\n\t\t\t\t<div class=\"elementor-element elementor-element-c6cfad5 elementor-widget elementor-widget-text-editor\" data-id=\"c6cfad5\" data-element_type=\"widget\" data-e-type=\"widget\" data-widget_type=\"text-editor.default\">\n\t\t\t\t<div class=\"elementor-widget-container\">\n\t\t\t\t\t\t\t\t\t<p>Wir respektieren Ihre Privatsph\u00e4re und verarbeiten Ihre pers\u00f6nlichen Daten nur f\u00fcr den Zweck, f\u00fcr den Sie sie uns zur Verf\u00fcgung gestellt haben, und in \u00dcbereinstimmung mit der Allgemeinen Datenschutzverordnung (AVG) und dem Telekommunikationsgesetz.<\/p>\n<p><strong>Angaben zum Unternehmen<\/strong><br>Name des Unternehmens: Ferdinand Zandbergen B.V.<br>Website: <a href=\"https:\/\/www.fzandbergen.nl\/\">www.royalchicken.nl<\/a><br>Registrierungsnummer der Handelskammer: 30209275<br>Umsatzsteuernummer: NL815134484B01<\/p>\n<p><strong>1. Verwendung personenbezogener Daten<\/strong><br>Wir verwenden Ihre E-Mail-Adresse nur f\u00fcr die Zusendung von Informationen, die Sie angefordert haben. Wir werden Ihre Telefonnummer nicht f\u00fcr kommerzielle Zwecke verwenden.<\/p>\n<p><strong>2. Sonstige personenbezogene Daten<\/strong><br>Wir verarbeiten sonstige personenbezogene Daten (mittels Cookies, Leseperipherie oder anderweitig) nur, wenn:<br>a. Die Datenverarbeitung ist erforderlich f\u00fcr:<br>&#8211; die Erf\u00fcllung eines mit Ihnen geschlossenen Vertrags;<br>&#8211; die ordnungsgem\u00e4\u00dfe Erf\u00fcllung einer \u00f6ffentlich-rechtlichen Verpflichtung;<br>&#8211; die Wahrung unseres berechtigten Interesses (es sei denn, Ihr Interesse oder Ihre Grundrechte und -freiheiten \u00fcberwiegen dieses Interesse), oder;<br>b. Sie haben der Verarbeitung zum Zeitpunkt der Erhebung zugestimmt. In jedem Fall bewahren wir Ihre Daten nicht l\u00e4nger auf, als es f\u00fcr die Bearbeitung der Zwecke, f\u00fcr die sie erhoben wurden, erforderlich ist.<\/p>\n<p><strong>3. Cookies<\/strong><br>Beim Besuch&nbsp;<a href=\"https:\/\/www.fzandbergen.nl\/\" style=\"background-color: rgb(255, 255, 255);\">www.royalchicken.nl<\/a> besteht die M\u00f6glichkeit, dass Informationen in Form eines &#8222;Cookies&#8220; auf der Festplatte Ihres Computers abgelegt werden. Sie dient dazu, Ihre IP-Adresse zu erkennen und die Navigation auf der Website zu vereinfachen. Wenn Sie dies vermeiden m\u00f6chten, k\u00f6nnen Sie in Ihren Browsereinstellungen die Option &#8222;Keine Cookies akzeptieren&#8220; aktivieren. Dies kann jedoch die Funktionalit\u00e4t der Website einschr\u00e4nken.<\/p>\n<p><strong>4. Sicherheit bei der \u00dcbermittlung und beim Empfang von Daten<\/strong><br>a. Wenn wir Ihre Daten auf unserer Website \u00fcbertragen oder empfangen, verwenden wir stets die in der IT-Branche als Standard anerkannten Verschl\u00fcsselungstechnologien;<br>b. Wir haben die notwendigen Sicherheitsma\u00dfnahmen ergriffen, um den Verlust, die unbefugte Nutzung oder die \u00c4nderung von Informationen, die wir auf unserer Website erhalten, zu verhindern.<\/p>\n<p><strong>5. Zugang zu Ihren Daten<\/strong><br>Auf Anfrage teilen wir den Besuchern unserer Website mit, welche personenbezogenen Daten \u00fcber sie verarbeitet werden. Unrichtige Daten k\u00f6nnen berichtigt, erg\u00e4nzt oder gel\u00f6scht werden. Wenn Sie auf diese Informationen zugreifen oder Ihre pers\u00f6nlichen Daten korrigieren m\u00f6chten, wenden Sie sich bitte an die unten stehende Adresse.<\/p>\n<p><strong>6. Kontakt<\/strong><br>Wenn Sie sich zu unserer Datenschutzpolitik \u00e4u\u00dfern m\u00f6chten, wenden Sie sich bitte an:<br>a. Unter folgender E-Mail-Adresse: info@fzandbergen.nl;<br>b. Unter folgender Telefonnummer: +31 (0) 33 285 98 60;<br>c. Unter folgender Adresse: De Nort 21, 3931 NE, Woudenberg, Niederlande.<\/p>\n<p>Diese Datenschutzrichtlinie kann jederzeit ge\u00e4ndert werden. Wir werden diese \u00c4nderungen hier ver\u00f6ffentlichen.<\/p>\t\t\t\t\t\t\t\t<\/div>\n\t\t\t\t<\/div>\n\t\t\t\t\t<\/div>\n\t\t\t\t<\/div>\n\t\t\t\t<\/div>\n\t\t","protected":false},"excerpt":{"rendered":"<p>Erkl\u00e4rung zum Datenschutz Wir respektieren Ihre Privatsph\u00e4re und verarbeiten Ihre pers\u00f6nlichen Daten nur f\u00fcr den Zweck, f\u00fcr den Sie sie uns zur Verf\u00fcgung gestellt haben, und in \u00dcbereinstimmung mit der Allgemeinen Datenschutzverordnung (AVG) und dem Telekommunikationsgesetz. Angaben zum UnternehmenName des Unternehmens: Ferdinand Zandbergen B.V.Website: www.royalchicken.nlRegistrierungsnummer der Handelskammer: 30209275Umsatzsteuernummer: NL815134484B01 1. Verwendung personenbezogener DatenWir verwenden Ihre [&hellip;]<\/p>\n","protected":false},"author":1,"featured_media":0,"parent":0,"menu_order":0,"comment_status":"closed","ping_status":"closed","template":"","meta":{"_acf_changed":false,"footnotes":""},"class_list":["post-1267","page","type-page","status-publish","hentry"],"acf":[],"yoast_head":"<!-- This site is optimized with the Yoast SEO plugin v27.3 - https:\/\/yoast.com\/product\/yoast-seo-wordpress\/ -->\n<title>Erkl\u00e4rung zum Datenschutz - Royal Chicken<\/title>\n<meta name=\"robots\" content=\"index, follow, max-snippet:-1, max-image-preview:large, max-video-preview:-1\" \/>\n<link rel=\"canonical\" href=\"https:\/\/royal-chicken.com\/de\/?page_id=1267\" \/>\n<meta property=\"og:locale\" content=\"de_DE\" \/>\n<meta property=\"og:type\" content=\"article\" \/>\n<meta property=\"og:title\" content=\"Erkl\u00e4rung zum Datenschutz - Royal Chicken\" \/>\n<meta property=\"og:description\" content=\"Erkl\u00e4rung zum Datenschutz Wir respektieren Ihre Privatsph\u00e4re und verarbeiten Ihre pers\u00f6nlichen Daten nur f\u00fcr den Zweck, f\u00fcr den Sie sie uns zur Verf\u00fcgung gestellt haben, und in \u00dcbereinstimmung mit der Allgemeinen Datenschutzverordnung (AVG) und dem Telekommunikationsgesetz. Angaben zum UnternehmenName des Unternehmens: Ferdinand Zandbergen B.V.Website: www.royalchicken.nlRegistrierungsnummer der Handelskammer: 30209275Umsatzsteuernummer: NL815134484B01 1. Verwendung personenbezogener DatenWir verwenden Ihre [&hellip;]\" \/>\n<meta property=\"og:url\" content=\"https:\/\/royal-chicken.com\/de\/?page_id=1267\" \/>\n<meta property=\"og:site_name\" content=\"Royal Chicken\" \/>\n<meta property=\"article:modified_time\" content=\"2025-07-22T15:54:08+00:00\" \/>\n<meta name=\"twitter:card\" content=\"summary_large_image\" \/>\n<meta name=\"twitter:label1\" content=\"Est. reading time\" \/>\n\t<meta name=\"twitter:data1\" content=\"2\u00a0Minuten\" \/>\n<script type=\"application\/ld+json\" class=\"yoast-schema-graph\">{\"@context\":\"https:\\\/\\\/schema.org\",\"@graph\":[{\"@type\":\"WebPage\",\"@id\":\"https:\\\/\\\/royal-chicken.com\\\/de\\\/?page_id=1267\",\"url\":\"https:\\\/\\\/royal-chicken.com\\\/de\\\/?page_id=1267\",\"name\":\"Erkl\u00e4rung zum Datenschutz - Royal Chicken\",\"isPartOf\":{\"@id\":\"https:\\\/\\\/royal-chicken.com\\\/#website\"},\"datePublished\":\"2025-06-02T08:21:02+00:00\",\"dateModified\":\"2025-07-22T15:54:08+00:00\",\"breadcrumb\":{\"@id\":\"https:\\\/\\\/royal-chicken.com\\\/de\\\/?page_id=1267#breadcrumb\"},\"inLanguage\":\"de\",\"potentialAction\":[{\"@type\":\"ReadAction\",\"target\":[\"https:\\\/\\\/royal-chicken.com\\\/de\\\/?page_id=1267\"]}]},{\"@type\":\"BreadcrumbList\",\"@id\":\"https:\\\/\\\/royal-chicken.com\\\/de\\\/?page_id=1267#breadcrumb\",\"itemListElement\":[{\"@type\":\"ListItem\",\"position\":1,\"name\":\"Royal Chicken\",\"item\":\"https:\\\/\\\/royal-chicken.com\\\/de\\\/homepage\\\/\"},{\"@type\":\"ListItem\",\"position\":2,\"name\":\"Erkl\u00e4rung zum Datenschutz\"}]},{\"@type\":\"WebSite\",\"@id\":\"https:\\\/\\\/royal-chicken.com\\\/#website\",\"url\":\"https:\\\/\\\/royal-chicken.com\\\/\",\"name\":\"Royal Chicken\",\"description\":\"Uw partner in premium kipproducten\",\"publisher\":{\"@id\":\"https:\\\/\\\/royal-chicken.com\\\/#organization\"},\"potentialAction\":[{\"@type\":\"SearchAction\",\"target\":{\"@type\":\"EntryPoint\",\"urlTemplate\":\"https:\\\/\\\/royal-chicken.com\\\/?s={search_term_string}\"},\"query-input\":{\"@type\":\"PropertyValueSpecification\",\"valueRequired\":true,\"valueName\":\"search_term_string\"}}],\"inLanguage\":\"de\"},{\"@type\":\"Organization\",\"@id\":\"https:\\\/\\\/royal-chicken.com\\\/#organization\",\"name\":\"Royal Chicken\",\"url\":\"https:\\\/\\\/royal-chicken.com\\\/\",\"logo\":{\"@type\":\"ImageObject\",\"inLanguage\":\"de\",\"@id\":\"https:\\\/\\\/royal-chicken.com\\\/#\\\/schema\\\/logo\\\/image\\\/\",\"url\":\"https:\\\/\\\/royal-chicken.com\\\/wp-content\\\/uploads\\\/2025\\\/06\\\/Royal-Chicken-logo-padding-scaled.png\",\"contentUrl\":\"https:\\\/\\\/royal-chicken.com\\\/wp-content\\\/uploads\\\/2025\\\/06\\\/Royal-Chicken-logo-padding-scaled.png\",\"width\":2560,\"height\":1446,\"caption\":\"Royal Chicken\"},\"image\":{\"@id\":\"https:\\\/\\\/royal-chicken.com\\\/#\\\/schema\\\/logo\\\/image\\\/\"}}]}<\/script>\n<!-- \/ Yoast SEO plugin. -->","yoast_head_json":{"title":"Erkl\u00e4rung zum Datenschutz - Royal Chicken","robots":{"index":"index","follow":"follow","max-snippet":"max-snippet:-1","max-image-preview":"max-image-preview:large","max-video-preview":"max-video-preview:-1"},"canonical":"https:\/\/royal-chicken.com\/de\/?page_id=1267","og_locale":"de_DE","og_type":"article","og_title":"Erkl\u00e4rung zum Datenschutz - Royal Chicken","og_description":"Erkl\u00e4rung zum Datenschutz Wir respektieren Ihre Privatsph\u00e4re und verarbeiten Ihre pers\u00f6nlichen Daten nur f\u00fcr den Zweck, f\u00fcr den Sie sie uns zur Verf\u00fcgung gestellt haben, und in \u00dcbereinstimmung mit der Allgemeinen Datenschutzverordnung (AVG) und dem Telekommunikationsgesetz. Angaben zum UnternehmenName des Unternehmens: Ferdinand Zandbergen B.V.Website: www.royalchicken.nlRegistrierungsnummer der Handelskammer: 30209275Umsatzsteuernummer: NL815134484B01 1. Verwendung personenbezogener DatenWir verwenden Ihre [&hellip;]","og_url":"https:\/\/royal-chicken.com\/de\/?page_id=1267","og_site_name":"Royal Chicken","article_modified_time":"2025-07-22T15:54:08+00:00","twitter_card":"summary_large_image","twitter_misc":{"Est. reading time":"2\u00a0Minuten"},"schema":{"@context":"https:\/\/schema.org","@graph":[{"@type":"WebPage","@id":"https:\/\/royal-chicken.com\/de\/?page_id=1267","url":"https:\/\/royal-chicken.com\/de\/?page_id=1267","name":"Erkl\u00e4rung zum Datenschutz - Royal Chicken","isPartOf":{"@id":"https:\/\/royal-chicken.com\/#website"},"datePublished":"2025-06-02T08:21:02+00:00","dateModified":"2025-07-22T15:54:08+00:00","breadcrumb":{"@id":"https:\/\/royal-chicken.com\/de\/?page_id=1267#breadcrumb"},"inLanguage":"de","potentialAction":[{"@type":"ReadAction","target":["https:\/\/royal-chicken.com\/de\/?page_id=1267"]}]},{"@type":"BreadcrumbList","@id":"https:\/\/royal-chicken.com\/de\/?page_id=1267#breadcrumb","itemListElement":[{"@type":"ListItem","position":1,"name":"Royal Chicken","item":"https:\/\/royal-chicken.com\/de\/homepage\/"},{"@type":"ListItem","position":2,"name":"Erkl\u00e4rung zum Datenschutz"}]},{"@type":"WebSite","@id":"https:\/\/royal-chicken.com\/#website","url":"https:\/\/royal-chicken.com\/","name":"Royal Chicken","description":"Uw partner in premium kipproducten","publisher":{"@id":"https:\/\/royal-chicken.com\/#organization"},"potentialAction":[{"@type":"SearchAction","target":{"@type":"EntryPoint","urlTemplate":"https:\/\/royal-chicken.com\/?s={search_term_string}"},"query-input":{"@type":"PropertyValueSpecification","valueRequired":true,"valueName":"search_term_string"}}],"inLanguage":"de"},{"@type":"Organization","@id":"https:\/\/royal-chicken.com\/#organization","name":"Royal Chicken","url":"https:\/\/royal-chicken.com\/","logo":{"@type":"ImageObject","inLanguage":"de","@id":"https:\/\/royal-chicken.com\/#\/schema\/logo\/image\/","url":"https:\/\/royal-chicken.com\/wp-content\/uploads\/2025\/06\/Royal-Chicken-logo-padding-scaled.png","contentUrl":"https:\/\/royal-chicken.com\/wp-content\/uploads\/2025\/06\/Royal-Chicken-logo-padding-scaled.png","width":2560,"height":1446,"caption":"Royal Chicken"},"image":{"@id":"https:\/\/royal-chicken.com\/#\/schema\/logo\/image\/"}}]}},"_links":{"self":[{"href":"https:\/\/royal-chicken.com\/de\/wp-json\/wp\/v2\/pages\/1267","targetHints":{"allow":["GET"]}}],"collection":[{"href":"https:\/\/royal-chicken.com\/de\/wp-json\/wp\/v2\/pages"}],"about":[{"href":"https:\/\/royal-chicken.com\/de\/wp-json\/wp\/v2\/types\/page"}],"author":[{"embeddable":true,"href":"https:\/\/royal-chicken.com\/de\/wp-json\/wp\/v2\/users\/1"}],"replies":[{"embeddable":true,"href":"https:\/\/royal-chicken.com\/de\/wp-json\/wp\/v2\/comments?post=1267"}],"version-history":[{"count":0,"href":"https:\/\/royal-chicken.com\/de\/wp-json\/wp\/v2\/pages\/1267\/revisions"}],"wp:attachment":[{"href":"https:\/\/royal-chicken.com\/de\/wp-json\/wp\/v2\/media?parent=1267"}],"curies":[{"name":"wp","href":"https:\/\/api.w.org\/{rel}","templated":true}]}}